{"id":1242,"date":"2020-02-20T01:49:28","date_gmt":"2020-02-20T01:49:28","guid":{"rendered":"https:\/\/cedhchihuahua.org.mx\/wp\/?page_id=1242"},"modified":"2020-02-20T01:49:28","modified_gmt":"2020-02-20T01:49:28","slug":"nestor-manuel-armendariz-loya","status":"publish","type":"page","link":"https:\/\/cedhchihuahua.org.mx\/wp\/nestor-manuel-armendariz-loya\/","title":{"rendered":"N\u00e9stor Manuel Armend\u00e1riz Loya"},"content":{"rendered":"<p>[vc_row][vc_column][vc_column_text]<\/p>\n<h4 style=\"text-align: center;\"><strong><img fetchpriority=\"high\" decoding=\"async\" class=\"alignnone size-medium wp-image-847\" src=\"https:\/\/cedhchihuahua.org.mx\/wp\/wp-content\/uploads\/2020\/01\/Nestor-Armendariz-275x300.jpg\" alt=\"\" width=\"275\" height=\"300\" srcset=\"https:\/\/cedhchihuahua.org.mx\/wp\/wp-content\/uploads\/2020\/01\/Nestor-Armendariz-275x300.jpg 275w, https:\/\/cedhchihuahua.org.mx\/wp\/wp-content\/uploads\/2020\/01\/Nestor-Armendariz-768x839.jpg 768w, https:\/\/cedhchihuahua.org.mx\/wp\/wp-content\/uploads\/2020\/01\/Nestor-Armendariz-134x146.jpg 134w, https:\/\/cedhchihuahua.org.mx\/wp\/wp-content\/uploads\/2020\/01\/Nestor-Armendariz-46x50.jpg 46w, https:\/\/cedhchihuahua.org.mx\/wp\/wp-content\/uploads\/2020\/01\/Nestor-Armendariz-69x75.jpg 69w, https:\/\/cedhchihuahua.org.mx\/wp\/wp-content\/uploads\/2020\/01\/Nestor-Armendariz.jpg 780w\" sizes=\"(max-width: 275px) 100vw, 275px\" \/><\/strong><\/h4>\n<h4 style=\"text-align: center;\"><strong>Nombre: NESTOR MANUEL ARMEND\u00c1RIZ LOYA<\/strong><\/h4>\n<p><strong>ESCOLARIDAD:<\/strong><\/p>\n<p>PROFESIONAL: Licenciado en Derecho por la Universidad Aut\u00f3noma de Chihuahua.<br \/>\nPOSTGRADO: Estudios de Maestr\u00eda en Derechos Humanos en la Universidad Aut\u00f3noma de Chihuahua. (2006-2009).<\/p>\n<p><strong>EXPERIENCIA LABORAL:<\/strong><\/p>\n<p>SEGUROS COMERCIAL AMERICA<\/p>\n<p>1995-1996.-\u00a0Apoderado Legal\u00a0Divisi\u00f3n Norte.<br \/>\n1996-1997.-\u00a0Gerente de Siniestros, Oficina Cd. Ju\u00e1rez.<br \/>\nDESPACHO DE ABOGADOS:<br \/>\n1997-1998.- Abogado postulante.<\/p>\n<p>PROCURADURIA GENERAL DE JUSTICIA DEL ESTADO DE CHIHUAHUA<\/p>\n<p>1998-1999.- Coordinador de Fideicomiso.<br \/>\n1999.- Investigador Ministerial.<br \/>\n1999-2003.- Agente del Ministerio P\u00fablico, adscrito al Departamento Jur\u00eddico de la Subprocuradur\u00eda Zona Occidente.<\/p>\n<p>COMISI\u00d3N ESTATAL DE LOS DERECHOS HUMANOS<\/p>\n<p>2003-2012.- Visitador Titular de la Oficina en ciudad Cuauht\u00e9moc.<br \/>\n2012-2018.- Titular del \u00c1rea de Control, An\u00e1lisis y Evaluaci\u00f3n.<br \/>\n2018.-\u00a0Director del \u00c1rea de Control, An\u00e1lisis y Evaluaci\u00f3n.<\/p>\n<p><strong>CATEDR\u00c1TICO<\/strong><\/p>\n<p>2005-2010.- De manera\u00a0 alternada con las funciones de servidor p\u00fablico, impartiendo diversas asignaturas en la Universidad del Noroeste\u00a0(Cuauht\u00e9moc) y PGJE.<br \/>\n2014.- Universidad Aut\u00f3noma de Chihuahua, Divisi\u00f3n de Postgrado de la Facultad de Derecho, Maestr\u00eda en Derechos Humanos, c\u00e1tedra Sistema Interamericano de Protecci\u00f3n a Derechos Humanos.<\/p>\n<p><strong>FORMACI\u00d3N COMPLEMENTARIA<\/strong><\/p>\n<p>1996-1997.- Programa de Desarrollo Gerencial,\u00a0 impartido por Efector Consultores.<br \/>\n1996-1997.- Ingl\u00e9s, El Paso Community College, hasta el s\u00e9ptimo nivel.<br \/>\n1999.- Curso de formaci\u00f3n Investigadora, impartido por la PGJE.<br \/>\n2005.- Diplomado a distancia \u201cDerechos Humanos\u201d, Universidad de Alcal\u00e1, Espa\u00f1a.<br \/>\n2006.- Seminario Nacional de Capacitaci\u00f3n para Visitadores de Organismos P\u00fablicos de Derechos Humanos, CNDH.<br \/>\n2006.- Diplomado \u201cEstado de Derecho y Derechos Humanos\u201d, Universidad de Alcal\u00e1, Espa\u00f1a.<br \/>\n2006.- Curso \u201cIntroducci\u00f3n al nuevo sistema de justicia penal\u201d, USAID y Proderecho.<br \/>\n2007.- Diplomado \u201cDemocracia y Derechos Humanos\u201d, Universidad de Alcal\u00e1, Espa\u00f1a.<br \/>\n2009.- Curso b\u00e1sico de mediaci\u00f3n penal, PGJE.<br \/>\n2009-2010.- Curso te\u00f3rico-pr\u00e1ctico \u201cEl nuevo sistema de justicia penal\u201d,\u00a0 Universidad Aut\u00f3noma de Chihuahua.<br \/>\n2010.- Taller Regional para Visitadores de Organismos P\u00fablicos de Derechos Humanos, CNDH.<br \/>\n2010.- Diplomado \u201cEl Ombudsman, herramienta de participaci\u00f3n ciudadana\u201d, Academia Mexicana de<br \/>\nDerechos Humanos.<br \/>\n2012.- Taller sobre la Ley General en materia de Trata de Personas y sus implicaciones en las entidades federativas.<br \/>\n2015.- Seminario sobre Violencia Feminicida, CNDH.<br \/>\n2016.- Seminario \u201cSistema de Justicia Acusatorio Oral Penal, Adolescentes y Adultos\u00bb, Colegio de Abogados<br \/>\nde Chihuahua.<br \/>\n2016.- Programa de Asuntos de la Mujer y de Igualdad entre Mujeres y Hombres, CNDH.<br \/>\n2017.- Taller \u201cPrevenci\u00f3n, atenci\u00f3n y sanci\u00f3n del acoso y hostigamiento sexual\u201d. ICHMUJERES.<br \/>\n2018.- Participaci\u00f3n en Conversatorios Regionales en preparaci\u00f3n de la contribuci\u00f3n de los Organismos P\u00fablicos<br \/>\nde Derechos Humanos\u00a0para el Examen Peri\u00f3dico Universal.[\/vc_column_text][\/vc_column][\/vc_row]<\/p>\n","protected":false},"excerpt":{"rendered":"<p>[vc_row][vc_column][vc_column_text] Nombre: NESTOR MANUEL ARMEND\u00c1RIZ LOYA ESCOLARIDAD: PROFESIONAL: Licenciado en Derecho por la Universidad Aut\u00f3noma de Chihuahua. POSTGRADO: Estudios de Maestr\u00eda en Derechos Humanos en la Universidad Aut\u00f3noma de Chihuahua. (2006-2009). EXPERIENCIA LABORAL: SEGUROS COMERCIAL AMERICA 1995-1996.-\u00a0Apoderado Legal\u00a0Divisi\u00f3n Norte. 1996-1997.-\u00a0Gerente de Siniestros, Oficina Cd. Ju\u00e1rez. DESPACHO DE ABOGADOS: 1997-1998.- Abogado postulante. PROCURADURIA GENERAL DE JUSTICIA [&hellip;]<\/p>\n","protected":false},"author":2,"featured_media":0,"parent":0,"menu_order":0,"comment_status":"closed","ping_status":"closed","template":"","meta":{"footnotes":""},"class_list":["post-1242","page","type-page","status-publish","hentry"],"yoast_head":"<!-- This site is optimized with the Yoast SEO plugin v27.0 - https:\/\/yoast.com\/product\/yoast-seo-wordpress\/ -->\n<title>N\u00e9stor Manuel Armend\u00e1riz Loya | Comisi\u00f3n Estatal de los Derechos Humanos de Chihuahua<\/title>\n<meta name=\"robots\" content=\"index, follow, max-snippet:-1, max-image-preview:large, max-video-preview:-1\" \/>\n<link rel=\"canonical\" href=\"https:\/\/cedhchihuahua.org.mx\/wp\/nestor-manuel-armendariz-loya\/\" \/>\n<meta property=\"og:locale\" content=\"es_ES\" \/>\n<meta property=\"og:type\" content=\"article\" \/>\n<meta property=\"og:title\" content=\"N\u00e9stor Manuel Armend\u00e1riz Loya | Comisi\u00f3n Estatal de los Derechos Humanos de Chihuahua\" \/>\n<meta property=\"og:description\" content=\"[vc_row][vc_column][vc_column_text] Nombre: NESTOR MANUEL ARMEND\u00c1RIZ LOYA ESCOLARIDAD: PROFESIONAL: Licenciado en Derecho por la Universidad Aut\u00f3noma de Chihuahua. POSTGRADO: Estudios de Maestr\u00eda en Derechos Humanos en la Universidad Aut\u00f3noma de Chihuahua. (2006-2009). EXPERIENCIA LABORAL: SEGUROS COMERCIAL AMERICA 1995-1996.-\u00a0Apoderado Legal\u00a0Divisi\u00f3n Norte. 1996-1997.-\u00a0Gerente de Siniestros, Oficina Cd. Ju\u00e1rez. DESPACHO DE ABOGADOS: 1997-1998.- Abogado postulante. PROCURADURIA GENERAL DE JUSTICIA [&hellip;]\" \/>\n<meta property=\"og:url\" content=\"https:\/\/cedhchihuahua.org.mx\/wp\/nestor-manuel-armendariz-loya\/\" \/>\n<meta property=\"og:site_name\" content=\"Comisi\u00f3n Estatal de los Derechos Humanos de Chihuahua\" \/>\n<meta property=\"article:publisher\" content=\"https:\/\/www.facebook.com\/CEDHChihuahua\" \/>\n<meta property=\"og:image\" content=\"https:\/\/cedhchihuahua.org.mx\/wp\/wp-content\/uploads\/2020\/01\/Nestor-Armendariz-275x300.jpg\" \/>\n<meta name=\"twitter:card\" content=\"summary_large_image\" \/>\n<meta name=\"twitter:site\" content=\"@cedhchihuahua\" \/>\n<meta name=\"twitter:label1\" content=\"Tiempo de lectura\" \/>\n\t<meta name=\"twitter:data1\" content=\"2 minutos\" \/>\n<script type=\"application\/ld+json\" class=\"yoast-schema-graph\">{\"@context\":\"https:\/\/schema.org\",\"@graph\":[{\"@type\":\"WebPage\",\"@id\":\"https:\/\/cedhchihuahua.org.mx\/wp\/nestor-manuel-armendariz-loya\/\",\"url\":\"https:\/\/cedhchihuahua.org.mx\/wp\/nestor-manuel-armendariz-loya\/\",\"name\":\"N\u00e9stor Manuel Armend\u00e1riz Loya | Comisi\u00f3n Estatal de los Derechos Humanos de Chihuahua\",\"isPartOf\":{\"@id\":\"https:\/\/cedhchihuahua.org.mx\/wp\/#website\"},\"primaryImageOfPage\":{\"@id\":\"https:\/\/cedhchihuahua.org.mx\/wp\/nestor-manuel-armendariz-loya\/#primaryimage\"},\"image\":{\"@id\":\"https:\/\/cedhchihuahua.org.mx\/wp\/nestor-manuel-armendariz-loya\/#primaryimage\"},\"thumbnailUrl\":\"https:\/\/cedhchihuahua.org.mx\/wp\/wp-content\/uploads\/2020\/01\/Nestor-Armendariz-275x300.jpg\",\"datePublished\":\"2020-02-20T01:49:28+00:00\",\"breadcrumb\":{\"@id\":\"https:\/\/cedhchihuahua.org.mx\/wp\/nestor-manuel-armendariz-loya\/#breadcrumb\"},\"inLanguage\":\"es\",\"potentialAction\":[{\"@type\":\"ReadAction\",\"target\":[\"https:\/\/cedhchihuahua.org.mx\/wp\/nestor-manuel-armendariz-loya\/\"]}]},{\"@type\":\"ImageObject\",\"inLanguage\":\"es\",\"@id\":\"https:\/\/cedhchihuahua.org.mx\/wp\/nestor-manuel-armendariz-loya\/#primaryimage\",\"url\":\"https:\/\/cedhchihuahua.org.mx\/wp\/wp-content\/uploads\/2020\/01\/Nestor-Armendariz.jpg\",\"contentUrl\":\"https:\/\/cedhchihuahua.org.mx\/wp\/wp-content\/uploads\/2020\/01\/Nestor-Armendariz.jpg\",\"width\":780,\"height\":852},{\"@type\":\"BreadcrumbList\",\"@id\":\"https:\/\/cedhchihuahua.org.mx\/wp\/nestor-manuel-armendariz-loya\/#breadcrumb\",\"itemListElement\":[{\"@type\":\"ListItem\",\"position\":1,\"name\":\"Inicio\",\"item\":\"https:\/\/cedhchihuahua.org.mx\/wp\/\"},{\"@type\":\"ListItem\",\"position\":2,\"name\":\"N\u00e9stor Manuel Armend\u00e1riz Loya\"}]},{\"@type\":\"WebSite\",\"@id\":\"https:\/\/cedhchihuahua.org.mx\/wp\/#website\",\"url\":\"https:\/\/cedhchihuahua.org.mx\/wp\/\",\"name\":\"Comisi\u00f3n Estatal de los Derechos Humanos de Chihuahua\",\"description\":\"\",\"publisher\":{\"@id\":\"https:\/\/cedhchihuahua.org.mx\/wp\/#organization\"},\"alternateName\":\"CEDH Chihuahua\",\"potentialAction\":[{\"@type\":\"SearchAction\",\"target\":{\"@type\":\"EntryPoint\",\"urlTemplate\":\"https:\/\/cedhchihuahua.org.mx\/wp\/?s={search_term_string}\"},\"query-input\":{\"@type\":\"PropertyValueSpecification\",\"valueRequired\":true,\"valueName\":\"search_term_string\"}}],\"inLanguage\":\"es\"},{\"@type\":\"Organization\",\"@id\":\"https:\/\/cedhchihuahua.org.mx\/wp\/#organization\",\"name\":\"Comisi\u00f3n Estatal de los Derechos Humanos de Chihuahua\",\"alternateName\":\"CEDH Chihuahua\",\"url\":\"https:\/\/cedhchihuahua.org.mx\/wp\/\",\"logo\":{\"@type\":\"ImageObject\",\"inLanguage\":\"es\",\"@id\":\"https:\/\/cedhchihuahua.org.mx\/wp\/#\/schema\/logo\/image\/\",\"url\":\"https:\/\/cedhchihuahua.org.mx\/wp\/wp-content\/uploads\/2021\/05\/cedh-2024.png\",\"contentUrl\":\"https:\/\/cedhchihuahua.org.mx\/wp\/wp-content\/uploads\/2021\/05\/cedh-2024.png\",\"width\":827,\"height\":929,\"caption\":\"Comisi\u00f3n Estatal de los Derechos Humanos de Chihuahua\"},\"image\":{\"@id\":\"https:\/\/cedhchihuahua.org.mx\/wp\/#\/schema\/logo\/image\/\"},\"sameAs\":[\"https:\/\/www.facebook.com\/CEDHChihuahua\",\"https:\/\/x.com\/cedhchihuahua\",\"https:\/\/www.instagram.com\/cedhchih\/\",\"https:\/\/www.youtube.com\/@cedhchih\",\"https:\/\/www.tiktok.com\/@cedhchih\"]}]}<\/script>\n<!-- \/ Yoast SEO plugin. -->","yoast_head_json":{"title":"N\u00e9stor Manuel Armend\u00e1riz Loya | Comisi\u00f3n Estatal de los Derechos Humanos de Chihuahua","robots":{"index":"index","follow":"follow","max-snippet":"max-snippet:-1","max-image-preview":"max-image-preview:large","max-video-preview":"max-video-preview:-1"},"canonical":"https:\/\/cedhchihuahua.org.mx\/wp\/nestor-manuel-armendariz-loya\/","og_locale":"es_ES","og_type":"article","og_title":"N\u00e9stor Manuel Armend\u00e1riz Loya | Comisi\u00f3n Estatal de los Derechos Humanos de Chihuahua","og_description":"[vc_row][vc_column][vc_column_text] Nombre: NESTOR MANUEL ARMEND\u00c1RIZ LOYA ESCOLARIDAD: PROFESIONAL: Licenciado en Derecho por la Universidad Aut\u00f3noma de Chihuahua. POSTGRADO: Estudios de Maestr\u00eda en Derechos Humanos en la Universidad Aut\u00f3noma de Chihuahua. (2006-2009). EXPERIENCIA LABORAL: SEGUROS COMERCIAL AMERICA 1995-1996.-\u00a0Apoderado Legal\u00a0Divisi\u00f3n Norte. 1996-1997.-\u00a0Gerente de Siniestros, Oficina Cd. Ju\u00e1rez. DESPACHO DE ABOGADOS: 1997-1998.- Abogado postulante. PROCURADURIA GENERAL DE JUSTICIA [&hellip;]","og_url":"https:\/\/cedhchihuahua.org.mx\/wp\/nestor-manuel-armendariz-loya\/","og_site_name":"Comisi\u00f3n Estatal de los Derechos Humanos de Chihuahua","article_publisher":"https:\/\/www.facebook.com\/CEDHChihuahua","og_image":[{"url":"https:\/\/cedhchihuahua.org.mx\/wp\/wp-content\/uploads\/2020\/01\/Nestor-Armendariz-275x300.jpg","type":"","width":"","height":""}],"twitter_card":"summary_large_image","twitter_site":"@cedhchihuahua","twitter_misc":{"Tiempo de lectura":"2 minutos"},"schema":{"@context":"https:\/\/schema.org","@graph":[{"@type":"WebPage","@id":"https:\/\/cedhchihuahua.org.mx\/wp\/nestor-manuel-armendariz-loya\/","url":"https:\/\/cedhchihuahua.org.mx\/wp\/nestor-manuel-armendariz-loya\/","name":"N\u00e9stor Manuel Armend\u00e1riz Loya | Comisi\u00f3n Estatal de los Derechos Humanos de Chihuahua","isPartOf":{"@id":"https:\/\/cedhchihuahua.org.mx\/wp\/#website"},"primaryImageOfPage":{"@id":"https:\/\/cedhchihuahua.org.mx\/wp\/nestor-manuel-armendariz-loya\/#primaryimage"},"image":{"@id":"https:\/\/cedhchihuahua.org.mx\/wp\/nestor-manuel-armendariz-loya\/#primaryimage"},"thumbnailUrl":"https:\/\/cedhchihuahua.org.mx\/wp\/wp-content\/uploads\/2020\/01\/Nestor-Armendariz-275x300.jpg","datePublished":"2020-02-20T01:49:28+00:00","breadcrumb":{"@id":"https:\/\/cedhchihuahua.org.mx\/wp\/nestor-manuel-armendariz-loya\/#breadcrumb"},"inLanguage":"es","potentialAction":[{"@type":"ReadAction","target":["https:\/\/cedhchihuahua.org.mx\/wp\/nestor-manuel-armendariz-loya\/"]}]},{"@type":"ImageObject","inLanguage":"es","@id":"https:\/\/cedhchihuahua.org.mx\/wp\/nestor-manuel-armendariz-loya\/#primaryimage","url":"https:\/\/cedhchihuahua.org.mx\/wp\/wp-content\/uploads\/2020\/01\/Nestor-Armendariz.jpg","contentUrl":"https:\/\/cedhchihuahua.org.mx\/wp\/wp-content\/uploads\/2020\/01\/Nestor-Armendariz.jpg","width":780,"height":852},{"@type":"BreadcrumbList","@id":"https:\/\/cedhchihuahua.org.mx\/wp\/nestor-manuel-armendariz-loya\/#breadcrumb","itemListElement":[{"@type":"ListItem","position":1,"name":"Inicio","item":"https:\/\/cedhchihuahua.org.mx\/wp\/"},{"@type":"ListItem","position":2,"name":"N\u00e9stor Manuel Armend\u00e1riz Loya"}]},{"@type":"WebSite","@id":"https:\/\/cedhchihuahua.org.mx\/wp\/#website","url":"https:\/\/cedhchihuahua.org.mx\/wp\/","name":"Comisi\u00f3n Estatal de los Derechos Humanos de Chihuahua","description":"","publisher":{"@id":"https:\/\/cedhchihuahua.org.mx\/wp\/#organization"},"alternateName":"CEDH Chihuahua","potentialAction":[{"@type":"SearchAction","target":{"@type":"EntryPoint","urlTemplate":"https:\/\/cedhchihuahua.org.mx\/wp\/?s={search_term_string}"},"query-input":{"@type":"PropertyValueSpecification","valueRequired":true,"valueName":"search_term_string"}}],"inLanguage":"es"},{"@type":"Organization","@id":"https:\/\/cedhchihuahua.org.mx\/wp\/#organization","name":"Comisi\u00f3n Estatal de los Derechos Humanos de Chihuahua","alternateName":"CEDH Chihuahua","url":"https:\/\/cedhchihuahua.org.mx\/wp\/","logo":{"@type":"ImageObject","inLanguage":"es","@id":"https:\/\/cedhchihuahua.org.mx\/wp\/#\/schema\/logo\/image\/","url":"https:\/\/cedhchihuahua.org.mx\/wp\/wp-content\/uploads\/2021\/05\/cedh-2024.png","contentUrl":"https:\/\/cedhchihuahua.org.mx\/wp\/wp-content\/uploads\/2021\/05\/cedh-2024.png","width":827,"height":929,"caption":"Comisi\u00f3n Estatal de los Derechos Humanos de Chihuahua"},"image":{"@id":"https:\/\/cedhchihuahua.org.mx\/wp\/#\/schema\/logo\/image\/"},"sameAs":["https:\/\/www.facebook.com\/CEDHChihuahua","https:\/\/x.com\/cedhchihuahua","https:\/\/www.instagram.com\/cedhchih\/","https:\/\/www.youtube.com\/@cedhchih","https:\/\/www.tiktok.com\/@cedhchih"]}]}},"_links":{"self":[{"href":"https:\/\/cedhchihuahua.org.mx\/wp\/wp-json\/wp\/v2\/pages\/1242","targetHints":{"allow":["GET"]}}],"collection":[{"href":"https:\/\/cedhchihuahua.org.mx\/wp\/wp-json\/wp\/v2\/pages"}],"about":[{"href":"https:\/\/cedhchihuahua.org.mx\/wp\/wp-json\/wp\/v2\/types\/page"}],"author":[{"embeddable":true,"href":"https:\/\/cedhchihuahua.org.mx\/wp\/wp-json\/wp\/v2\/users\/2"}],"replies":[{"embeddable":true,"href":"https:\/\/cedhchihuahua.org.mx\/wp\/wp-json\/wp\/v2\/comments?post=1242"}],"version-history":[{"count":1,"href":"https:\/\/cedhchihuahua.org.mx\/wp\/wp-json\/wp\/v2\/pages\/1242\/revisions"}],"predecessor-version":[{"id":1243,"href":"https:\/\/cedhchihuahua.org.mx\/wp\/wp-json\/wp\/v2\/pages\/1242\/revisions\/1243"}],"wp:attachment":[{"href":"https:\/\/cedhchihuahua.org.mx\/wp\/wp-json\/wp\/v2\/media?parent=1242"}],"curies":[{"name":"wp","href":"https:\/\/api.w.org\/{rel}","templated":true}]}}