{"id":7696,"date":"2022-04-06T11:32:09","date_gmt":"2022-04-06T17:32:09","guid":{"rendered":"https:\/\/cedhchihuahua.org.mx\/wp\/?page_id=7696"},"modified":"2025-02-11T08:31:01","modified_gmt":"2025-02-11T14:31:01","slug":"subasta","status":"publish","type":"page","link":"https:\/\/cedhchihuahua.org.mx\/wp\/subasta\/","title":{"rendered":"Subasta"},"content":{"rendered":"\t\t<div data-elementor-type=\"wp-page\" data-elementor-id=\"7696\" class=\"elementor elementor-7696\" data-elementor-post-type=\"page\">\n\t\t\t\t\t\t<section class=\"elementor-section elementor-top-section elementor-element elementor-element-ce32d68 elementor-section-boxed elementor-section-height-default elementor-section-height-default\" data-id=\"ce32d68\" data-element_type=\"section\" data-e-type=\"section\">\n\t\t\t\t\t\t<div class=\"elementor-container elementor-column-gap-default\">\n\t\t\t\t\t<div class=\"elementor-column elementor-col-100 elementor-top-column elementor-element elementor-element-5264fc3\" data-id=\"5264fc3\" data-element_type=\"column\" data-e-type=\"column\" data-settings=\"{&quot;background_background&quot;:&quot;classic&quot;}\">\n\t\t\t<div class=\"elementor-widget-wrap elementor-element-populated\">\n\t\t\t\t\t\t<div class=\"elementor-element elementor-element-8f412cd elementor-widget elementor-widget-heading\" data-id=\"8f412cd\" data-element_type=\"widget\" data-e-type=\"widget\" data-widget_type=\"heading.default\">\n\t\t\t\t\t<h2 class=\"elementor-heading-title elementor-size-default\">Transparencia<\/h2>\t\t\t\t<\/div>\n\t\t\t\t<div class=\"elementor-element elementor-element-f126b36 elementor-widget elementor-widget-heading\" data-id=\"f126b36\" data-element_type=\"widget\" data-e-type=\"widget\" data-widget_type=\"heading.default\">\n\t\t\t\t\t<h2 class=\"elementor-heading-title elementor-size-default\">Subastas<\/h2>\t\t\t\t<\/div>\n\t\t\t\t<div class=\"elementor-element elementor-element-7d1cfe0 elementor-widget elementor-widget-text-editor\" data-id=\"7d1cfe0\" data-element_type=\"widget\" data-e-type=\"widget\" data-widget_type=\"text-editor.default\">\n\t\t\t\t\t\t\t\t\t<i class=\"fas fa-phone\" style=\"color: #a91831;\"><\/i> <b>614 201 2990<\/b> ext <b>105<\/b> | <i class=\"fas fa-envelope\" style=\"color: #a91831;\"><\/i> <b>mario.nunez<\/b>@cedhchihuahua.org.mx\t\t\t\t\t\t\t\t<\/div>\n\t\t\t\t<div class=\"elementor-element elementor-element-aa1b264 elementor-nav-menu__align-justify elementor-nav-menu--dropdown-none elementor-widget elementor-widget-nav-menu\" data-id=\"aa1b264\" data-element_type=\"widget\" data-e-type=\"widget\" data-settings=\"{&quot;layout&quot;:&quot;horizontal&quot;,&quot;submenu_icon&quot;:{&quot;value&quot;:&quot;&lt;svg aria-hidden=\\&quot;true\\&quot; class=\\&quot;e-font-icon-svg e-fas-caret-down\\&quot; viewBox=\\&quot;0 0 320 512\\&quot; xmlns=\\&quot;http:\\\/\\\/www.w3.org\\\/2000\\\/svg\\&quot;&gt;&lt;path d=\\&quot;M31.3 192h257.3c17.8 0 26.7 21.5 14.1 34.1L174.1 354.8c-7.8 7.8-20.5 7.8-28.3 0L17.2 226.1C4.6 213.5 13.5 192 31.3 192z\\&quot;&gt;&lt;\\\/path&gt;&lt;\\\/svg&gt;&quot;,&quot;library&quot;:&quot;fa-solid&quot;}}\" data-widget_type=\"nav-menu.default\">\n\t\t\t\t\t\t\t\t<nav aria-label=\"Menu\" class=\"elementor-nav-menu--main elementor-nav-menu__container elementor-nav-menu--layout-horizontal e--pointer-background e--animation-grow\">\n\t\t\t\t<ul id=\"menu-1-aa1b264\" class=\"elementor-nav-menu\"><li class=\"menu-item menu-item-type-post_type menu-item-object-page menu-item-22096\"><a href=\"https:\/\/cedhchihuahua.org.mx\/wp\/transparencia-ppal\/\" class=\"elementor-item\">Transparencia<\/a><\/li>\n<li class=\"menu-item menu-item-type-post_type menu-item-object-page menu-item-22066\"><a href=\"https:\/\/cedhchihuahua.org.mx\/wp\/transparencia-ipo-generales\/\" class=\"elementor-item\">Info. P\u00fablica<\/a><\/li>\n<li class=\"menu-item menu-item-type-custom menu-item-object-custom menu-item-22071\"><a href=\"https:\/\/www.ichitaip.org.mx\/redireccion\/?so=1591\" class=\"elementor-item\">Portal Nacional<\/a><\/li>\n<li class=\"menu-item menu-item-type-custom menu-item-object-custom menu-item-22072\"><a href=\"https:\/\/www.ichitaip.org\/\" class=\"elementor-item\">ICHITAIP<\/a><\/li>\n<li class=\"menu-item menu-item-type-post_type menu-item-object-page menu-item-22064\"><a href=\"https:\/\/cedhchihuahua.org.mx\/wp\/informacion-financiera\/\" class=\"elementor-item\">Info. Financiera<\/a><\/li>\n<li class=\"menu-item menu-item-type-post_type menu-item-object-page menu-item-22067\"><a href=\"https:\/\/cedhchihuahua.org.mx\/wp\/comite-de-transparencia\/\" class=\"elementor-item\">Comit\u00e9<\/a><\/li>\n<li class=\"menu-item menu-item-type-post_type menu-item-object-page menu-item-22069\"><a href=\"https:\/\/cedhchihuahua.org.mx\/wp\/licitaciones\/\" class=\"elementor-item\">Licitaciones<\/a><\/li>\n<li class=\"menu-item menu-item-type-post_type menu-item-object-page menu-item-22068\"><a href=\"https:\/\/cedhchihuahua.org.mx\/wp\/subasta\/\" class=\"elementor-item\">Subastas<\/a><\/li>\n<li class=\"menu-item menu-item-type-post_type menu-item-object-page menu-item-22134\"><a href=\"https:\/\/cedhchihuahua.org.mx\/wp\/estructura-organica\/\" class=\"elementor-item\">Estructura Organica<\/a><\/li>\n<\/ul>\t\t\t<\/nav>\n\t\t\t\t\t\t<nav class=\"elementor-nav-menu--dropdown elementor-nav-menu__container\" aria-hidden=\"true\">\n\t\t\t\t<ul id=\"menu-2-aa1b264\" class=\"elementor-nav-menu\"><li class=\"menu-item menu-item-type-post_type menu-item-object-page menu-item-22096\"><a href=\"https:\/\/cedhchihuahua.org.mx\/wp\/transparencia-ppal\/\" class=\"elementor-item\" tabindex=\"-1\">Transparencia<\/a><\/li>\n<li class=\"menu-item menu-item-type-post_type menu-item-object-page menu-item-22066\"><a href=\"https:\/\/cedhchihuahua.org.mx\/wp\/transparencia-ipo-generales\/\" class=\"elementor-item\" tabindex=\"-1\">Info. P\u00fablica<\/a><\/li>\n<li class=\"menu-item menu-item-type-custom menu-item-object-custom menu-item-22071\"><a href=\"https:\/\/www.ichitaip.org.mx\/redireccion\/?so=1591\" class=\"elementor-item\" tabindex=\"-1\">Portal Nacional<\/a><\/li>\n<li class=\"menu-item menu-item-type-custom menu-item-object-custom menu-item-22072\"><a href=\"https:\/\/www.ichitaip.org\/\" class=\"elementor-item\" tabindex=\"-1\">ICHITAIP<\/a><\/li>\n<li class=\"menu-item menu-item-type-post_type menu-item-object-page menu-item-22064\"><a href=\"https:\/\/cedhchihuahua.org.mx\/wp\/informacion-financiera\/\" class=\"elementor-item\" tabindex=\"-1\">Info. Financiera<\/a><\/li>\n<li class=\"menu-item menu-item-type-post_type menu-item-object-page menu-item-22067\"><a href=\"https:\/\/cedhchihuahua.org.mx\/wp\/comite-de-transparencia\/\" class=\"elementor-item\" tabindex=\"-1\">Comit\u00e9<\/a><\/li>\n<li class=\"menu-item menu-item-type-post_type menu-item-object-page menu-item-22069\"><a href=\"https:\/\/cedhchihuahua.org.mx\/wp\/licitaciones\/\" class=\"elementor-item\" tabindex=\"-1\">Licitaciones<\/a><\/li>\n<li class=\"menu-item menu-item-type-post_type menu-item-object-page menu-item-22068\"><a href=\"https:\/\/cedhchihuahua.org.mx\/wp\/subasta\/\" class=\"elementor-item\" tabindex=\"-1\">Subastas<\/a><\/li>\n<li class=\"menu-item menu-item-type-post_type menu-item-object-page menu-item-22134\"><a href=\"https:\/\/cedhchihuahua.org.mx\/wp\/estructura-organica\/\" class=\"elementor-item\" tabindex=\"-1\">Estructura Organica<\/a><\/li>\n<\/ul>\t\t\t<\/nav>\n\t\t\t\t\t\t<\/div>\n\t\t\t\t<div class=\"elementor-element elementor-element-aa2ce4f elementor-widget elementor-widget-heading\" data-id=\"aa2ce4f\" data-element_type=\"widget\" data-e-type=\"widget\" data-widget_type=\"heading.default\">\n\t\t\t\t\t<h2 class=\"elementor-heading-title elementor-size-default\">Subasta P\u00fablica Presencial N\u00famero CEDH:14c.SUBASTA.001\/2025, relativa a la \u201cEnajenaci\u00f3n de 3 veh\u00edculos propiedad de la Comisi\u00f3n Estatal de los Derechosa Humanos: un veh\u00edculo marca FORD, tipo SEDAN FIGO, modelo 2018, color GRIS, serie MAJFP1MD5JA163270; un veh\u00edculo marca FORD, tipo SEDAN FIGO, modelo 2018, color GRIS, serie MAJFP1MD1JA163282; un veh\u00edculo marca NISSAN, tipo PICK UP NP300, modelo 2014, color BLANCO, serie 3N6DD23Y1EK094308\u201d<\/h2>\t\t\t\t<\/div>\n\t\t\t\t<div class=\"elementor-element elementor-element-6de288b3 elementor-widget elementor-widget-text-editor\" data-id=\"6de288b3\" data-element_type=\"widget\" data-e-type=\"widget\" data-widget_type=\"text-editor.default\">\n\t\t\t\t\t\t\t\t\t\n<ul class=\"wp-block-list\">\n<li><a href=\"https:\/\/cedhchihuahua.org.mx\/portal\/Subastas\/001-2025\/convocatoria%20subasta%20CEDH%2014C%20SUBASTA%20001%202025.pdf\" target=\"_blank\" rel=\"noopener\">Convocatoria<\/a><\/li>\n\n<li><a href=\"https:\/\/cedhchihuahua.org.mx\/portal\/Subastas\/001-2025\/bases%20subasta%20CEDH%2014C%20SUBASTA%20001%202025.pdf\" target=\"_blank\" rel=\"noopener\">Bases<\/a><\/li>\n<li><a href=\"https:\/\/cedhchihuahua.org.mx\/portal\/Subastas\/001-2025\/Junta%20de%20aclaraciones%20SUBASTA%20001.2025.pdf\" target=\"_blank\" rel=\"noopener\">Junta de Aclraraciones<\/a><\/li>\n<\/ul>\n\t\t\t\t\t\t\t\t<\/div>\n\t\t\t\t<div class=\"elementor-element elementor-element-81fd10a elementor-widget elementor-widget-heading\" data-id=\"81fd10a\" data-element_type=\"widget\" data-e-type=\"widget\" data-widget_type=\"heading.default\">\n\t\t\t\t\t<h2 class=\"elementor-heading-title elementor-size-default\">Subasta de veh\u00edculos<\/h2>\t\t\t\t<\/div>\n\t\t\t\t<div class=\"elementor-element elementor-element-34e404c elementor-widget elementor-widget-text-editor\" data-id=\"34e404c\" data-element_type=\"widget\" data-e-type=\"widget\" data-widget_type=\"text-editor.default\">\n\t\t\t\t\t\t\t\t\t\n<ul class=\"wp-block-list\">\n<li><a href=\"https:\/\/cedhchihuahua.org.mx\/portal\/Licitaciones\/2022\/Subasta\/Convocatoria-Vehiculos.pdf\" target=\"_blank\" rel=\"noopener\">Convocatoria<\/a><\/li>\n\n<li><a href=\"https:\/\/cedhchihuahua.org.mx\/portal\/Licitaciones\/2022\/Subasta\/BASES-SUBASTA-VEHICULOS.pdf\" target=\"_blank\" rel=\"noopener\">Bases<\/a><\/li>\n\n<li><a href=\"https:\/\/cedhchihuahua.org.mx\/portal\/Licitaciones\/2022\/Subasta\/Junta-Aclaraciones-Subasta.pdf\" target=\"_blank\" rel=\"noopener\">Junta de Aclaraciones<\/a><\/li>\n<\/ul>\n\n<p>\u00a0<\/p>\n\t\t\t\t\t\t\t\t<\/div>\n\t\t\t\t\t<\/div>\n\t\t<\/div>\n\t\t\t\t\t<\/div>\n\t\t<\/section>\n\t\t\t\t<\/div>\n\t\t","protected":false},"excerpt":{"rendered":"<p>Transparencia Subastas 614 201 2990 ext 105 | mario.nunez@cedhchihuahua.org.mx Subasta P\u00fablica Presencial N\u00famero CEDH:14c.SUBASTA.001\/2025, relativa a la \u201cEnajenaci\u00f3n de 3 veh\u00edculos propiedad de la Comisi\u00f3n Estatal de los Derechosa Humanos: un veh\u00edculo marca FORD, tipo SEDAN FIGO, modelo 2018, color GRIS, serie MAJFP1MD5JA163270; un veh\u00edculo marca FORD, tipo SEDAN FIGO, modelo 2018, color GRIS, serie [&hellip;]<\/p>\n","protected":false},"author":2,"featured_media":7693,"parent":0,"menu_order":0,"comment_status":"closed","ping_status":"closed","template":"","meta":{"footnotes":""},"class_list":["post-7696","page","type-page","status-publish","has-post-thumbnail","hentry"],"yoast_head":"<!-- This site is optimized with the Yoast SEO plugin v27.0 - https:\/\/yoast.com\/product\/yoast-seo-wordpress\/ -->\n<title>Subasta | Comisi\u00f3n Estatal de los Derechos Humanos de Chihuahua<\/title>\n<meta name=\"robots\" content=\"index, follow, max-snippet:-1, max-image-preview:large, max-video-preview:-1\" \/>\n<link rel=\"canonical\" href=\"https:\/\/cedhchihuahua.org.mx\/wp\/subasta\/\" \/>\n<meta property=\"og:locale\" content=\"es_ES\" \/>\n<meta property=\"og:type\" content=\"article\" \/>\n<meta property=\"og:title\" content=\"Subasta | Comisi\u00f3n Estatal de los Derechos Humanos de Chihuahua\" \/>\n<meta property=\"og:description\" content=\"Transparencia Subastas 614 201 2990 ext 105 | mario.nunez@cedhchihuahua.org.mx Subasta P\u00fablica Presencial N\u00famero CEDH:14c.SUBASTA.001\/2025, relativa a la \u201cEnajenaci\u00f3n de 3 veh\u00edculos propiedad de la Comisi\u00f3n Estatal de los Derechosa Humanos: un veh\u00edculo marca FORD, tipo SEDAN FIGO, modelo 2018, color GRIS, serie MAJFP1MD5JA163270; un veh\u00edculo marca FORD, tipo SEDAN FIGO, modelo 2018, color GRIS, serie [&hellip;]\" \/>\n<meta property=\"og:url\" content=\"https:\/\/cedhchihuahua.org.mx\/wp\/subasta\/\" \/>\n<meta property=\"og:site_name\" content=\"Comisi\u00f3n Estatal de los Derechos Humanos de Chihuahua\" \/>\n<meta property=\"article:publisher\" content=\"https:\/\/www.facebook.com\/CEDHChihuahua\" \/>\n<meta property=\"article:modified_time\" content=\"2025-02-11T14:31:01+00:00\" \/>\n<meta property=\"og:image\" content=\"https:\/\/cedhchihuahua.org.mx\/wp\/wp-content\/uploads\/2022\/04\/subastas.jpg\" \/>\n\t<meta property=\"og:image:width\" content=\"397\" \/>\n\t<meta property=\"og:image:height\" content=\"298\" \/>\n\t<meta property=\"og:image:type\" content=\"image\/jpeg\" \/>\n<meta name=\"twitter:card\" content=\"summary_large_image\" \/>\n<meta name=\"twitter:site\" content=\"@cedhchihuahua\" \/>\n<meta name=\"twitter:label1\" content=\"Tiempo de lectura\" \/>\n\t<meta name=\"twitter:data1\" content=\"1 minuto\" \/>\n<script type=\"application\/ld+json\" class=\"yoast-schema-graph\">{\"@context\":\"https:\/\/schema.org\",\"@graph\":[{\"@type\":\"WebPage\",\"@id\":\"https:\/\/cedhchihuahua.org.mx\/wp\/subasta\/\",\"url\":\"https:\/\/cedhchihuahua.org.mx\/wp\/subasta\/\",\"name\":\"Subasta | Comisi\u00f3n Estatal de los Derechos Humanos de Chihuahua\",\"isPartOf\":{\"@id\":\"https:\/\/cedhchihuahua.org.mx\/wp\/#website\"},\"primaryImageOfPage\":{\"@id\":\"https:\/\/cedhchihuahua.org.mx\/wp\/subasta\/#primaryimage\"},\"image\":{\"@id\":\"https:\/\/cedhchihuahua.org.mx\/wp\/subasta\/#primaryimage\"},\"thumbnailUrl\":\"https:\/\/cedhchihuahua.org.mx\/wp\/wp-content\/uploads\/2022\/04\/subastas.jpg\",\"datePublished\":\"2022-04-06T17:32:09+00:00\",\"dateModified\":\"2025-02-11T14:31:01+00:00\",\"breadcrumb\":{\"@id\":\"https:\/\/cedhchihuahua.org.mx\/wp\/subasta\/#breadcrumb\"},\"inLanguage\":\"es\",\"potentialAction\":[{\"@type\":\"ReadAction\",\"target\":[\"https:\/\/cedhchihuahua.org.mx\/wp\/subasta\/\"]}]},{\"@type\":\"ImageObject\",\"inLanguage\":\"es\",\"@id\":\"https:\/\/cedhchihuahua.org.mx\/wp\/subasta\/#primaryimage\",\"url\":\"https:\/\/cedhchihuahua.org.mx\/wp\/wp-content\/uploads\/2022\/04\/subastas.jpg\",\"contentUrl\":\"https:\/\/cedhchihuahua.org.mx\/wp\/wp-content\/uploads\/2022\/04\/subastas.jpg\",\"width\":397,\"height\":298},{\"@type\":\"BreadcrumbList\",\"@id\":\"https:\/\/cedhchihuahua.org.mx\/wp\/subasta\/#breadcrumb\",\"itemListElement\":[{\"@type\":\"ListItem\",\"position\":1,\"name\":\"Inicio\",\"item\":\"https:\/\/cedhchihuahua.org.mx\/wp\/\"},{\"@type\":\"ListItem\",\"position\":2,\"name\":\"Subasta\"}]},{\"@type\":\"WebSite\",\"@id\":\"https:\/\/cedhchihuahua.org.mx\/wp\/#website\",\"url\":\"https:\/\/cedhchihuahua.org.mx\/wp\/\",\"name\":\"Comisi\u00f3n Estatal de los Derechos Humanos de Chihuahua\",\"description\":\"\",\"publisher\":{\"@id\":\"https:\/\/cedhchihuahua.org.mx\/wp\/#organization\"},\"alternateName\":\"CEDH Chihuahua\",\"potentialAction\":[{\"@type\":\"SearchAction\",\"target\":{\"@type\":\"EntryPoint\",\"urlTemplate\":\"https:\/\/cedhchihuahua.org.mx\/wp\/?s={search_term_string}\"},\"query-input\":{\"@type\":\"PropertyValueSpecification\",\"valueRequired\":true,\"valueName\":\"search_term_string\"}}],\"inLanguage\":\"es\"},{\"@type\":\"Organization\",\"@id\":\"https:\/\/cedhchihuahua.org.mx\/wp\/#organization\",\"name\":\"Comisi\u00f3n Estatal de los Derechos Humanos de Chihuahua\",\"alternateName\":\"CEDH Chihuahua\",\"url\":\"https:\/\/cedhchihuahua.org.mx\/wp\/\",\"logo\":{\"@type\":\"ImageObject\",\"inLanguage\":\"es\",\"@id\":\"https:\/\/cedhchihuahua.org.mx\/wp\/#\/schema\/logo\/image\/\",\"url\":\"https:\/\/cedhchihuahua.org.mx\/wp\/wp-content\/uploads\/2021\/05\/cedh-2024.png\",\"contentUrl\":\"https:\/\/cedhchihuahua.org.mx\/wp\/wp-content\/uploads\/2021\/05\/cedh-2024.png\",\"width\":827,\"height\":929,\"caption\":\"Comisi\u00f3n Estatal de los Derechos Humanos de Chihuahua\"},\"image\":{\"@id\":\"https:\/\/cedhchihuahua.org.mx\/wp\/#\/schema\/logo\/image\/\"},\"sameAs\":[\"https:\/\/www.facebook.com\/CEDHChihuahua\",\"https:\/\/x.com\/cedhchihuahua\",\"https:\/\/www.instagram.com\/cedhchih\/\",\"https:\/\/www.youtube.com\/@cedhchih\",\"https:\/\/www.tiktok.com\/@cedhchih\"]}]}<\/script>\n<!-- \/ Yoast SEO plugin. -->","yoast_head_json":{"title":"Subasta | Comisi\u00f3n Estatal de los Derechos Humanos de Chihuahua","robots":{"index":"index","follow":"follow","max-snippet":"max-snippet:-1","max-image-preview":"max-image-preview:large","max-video-preview":"max-video-preview:-1"},"canonical":"https:\/\/cedhchihuahua.org.mx\/wp\/subasta\/","og_locale":"es_ES","og_type":"article","og_title":"Subasta | Comisi\u00f3n Estatal de los Derechos Humanos de Chihuahua","og_description":"Transparencia Subastas 614 201 2990 ext 105 | mario.nunez@cedhchihuahua.org.mx Subasta P\u00fablica Presencial N\u00famero CEDH:14c.SUBASTA.001\/2025, relativa a la \u201cEnajenaci\u00f3n de 3 veh\u00edculos propiedad de la Comisi\u00f3n Estatal de los Derechosa Humanos: un veh\u00edculo marca FORD, tipo SEDAN FIGO, modelo 2018, color GRIS, serie MAJFP1MD5JA163270; un veh\u00edculo marca FORD, tipo SEDAN FIGO, modelo 2018, color GRIS, serie [&hellip;]","og_url":"https:\/\/cedhchihuahua.org.mx\/wp\/subasta\/","og_site_name":"Comisi\u00f3n Estatal de los Derechos Humanos de Chihuahua","article_publisher":"https:\/\/www.facebook.com\/CEDHChihuahua","article_modified_time":"2025-02-11T14:31:01+00:00","og_image":[{"width":397,"height":298,"url":"https:\/\/cedhchihuahua.org.mx\/wp\/wp-content\/uploads\/2022\/04\/subastas.jpg","type":"image\/jpeg"}],"twitter_card":"summary_large_image","twitter_site":"@cedhchihuahua","twitter_misc":{"Tiempo de lectura":"1 minuto"},"schema":{"@context":"https:\/\/schema.org","@graph":[{"@type":"WebPage","@id":"https:\/\/cedhchihuahua.org.mx\/wp\/subasta\/","url":"https:\/\/cedhchihuahua.org.mx\/wp\/subasta\/","name":"Subasta | Comisi\u00f3n Estatal de los Derechos Humanos de Chihuahua","isPartOf":{"@id":"https:\/\/cedhchihuahua.org.mx\/wp\/#website"},"primaryImageOfPage":{"@id":"https:\/\/cedhchihuahua.org.mx\/wp\/subasta\/#primaryimage"},"image":{"@id":"https:\/\/cedhchihuahua.org.mx\/wp\/subasta\/#primaryimage"},"thumbnailUrl":"https:\/\/cedhchihuahua.org.mx\/wp\/wp-content\/uploads\/2022\/04\/subastas.jpg","datePublished":"2022-04-06T17:32:09+00:00","dateModified":"2025-02-11T14:31:01+00:00","breadcrumb":{"@id":"https:\/\/cedhchihuahua.org.mx\/wp\/subasta\/#breadcrumb"},"inLanguage":"es","potentialAction":[{"@type":"ReadAction","target":["https:\/\/cedhchihuahua.org.mx\/wp\/subasta\/"]}]},{"@type":"ImageObject","inLanguage":"es","@id":"https:\/\/cedhchihuahua.org.mx\/wp\/subasta\/#primaryimage","url":"https:\/\/cedhchihuahua.org.mx\/wp\/wp-content\/uploads\/2022\/04\/subastas.jpg","contentUrl":"https:\/\/cedhchihuahua.org.mx\/wp\/wp-content\/uploads\/2022\/04\/subastas.jpg","width":397,"height":298},{"@type":"BreadcrumbList","@id":"https:\/\/cedhchihuahua.org.mx\/wp\/subasta\/#breadcrumb","itemListElement":[{"@type":"ListItem","position":1,"name":"Inicio","item":"https:\/\/cedhchihuahua.org.mx\/wp\/"},{"@type":"ListItem","position":2,"name":"Subasta"}]},{"@type":"WebSite","@id":"https:\/\/cedhchihuahua.org.mx\/wp\/#website","url":"https:\/\/cedhchihuahua.org.mx\/wp\/","name":"Comisi\u00f3n Estatal de los Derechos Humanos de Chihuahua","description":"","publisher":{"@id":"https:\/\/cedhchihuahua.org.mx\/wp\/#organization"},"alternateName":"CEDH Chihuahua","potentialAction":[{"@type":"SearchAction","target":{"@type":"EntryPoint","urlTemplate":"https:\/\/cedhchihuahua.org.mx\/wp\/?s={search_term_string}"},"query-input":{"@type":"PropertyValueSpecification","valueRequired":true,"valueName":"search_term_string"}}],"inLanguage":"es"},{"@type":"Organization","@id":"https:\/\/cedhchihuahua.org.mx\/wp\/#organization","name":"Comisi\u00f3n Estatal de los Derechos Humanos de Chihuahua","alternateName":"CEDH Chihuahua","url":"https:\/\/cedhchihuahua.org.mx\/wp\/","logo":{"@type":"ImageObject","inLanguage":"es","@id":"https:\/\/cedhchihuahua.org.mx\/wp\/#\/schema\/logo\/image\/","url":"https:\/\/cedhchihuahua.org.mx\/wp\/wp-content\/uploads\/2021\/05\/cedh-2024.png","contentUrl":"https:\/\/cedhchihuahua.org.mx\/wp\/wp-content\/uploads\/2021\/05\/cedh-2024.png","width":827,"height":929,"caption":"Comisi\u00f3n Estatal de los Derechos Humanos de Chihuahua"},"image":{"@id":"https:\/\/cedhchihuahua.org.mx\/wp\/#\/schema\/logo\/image\/"},"sameAs":["https:\/\/www.facebook.com\/CEDHChihuahua","https:\/\/x.com\/cedhchihuahua","https:\/\/www.instagram.com\/cedhchih\/","https:\/\/www.youtube.com\/@cedhchih","https:\/\/www.tiktok.com\/@cedhchih"]}]}},"_links":{"self":[{"href":"https:\/\/cedhchihuahua.org.mx\/wp\/wp-json\/wp\/v2\/pages\/7696","targetHints":{"allow":["GET"]}}],"collection":[{"href":"https:\/\/cedhchihuahua.org.mx\/wp\/wp-json\/wp\/v2\/pages"}],"about":[{"href":"https:\/\/cedhchihuahua.org.mx\/wp\/wp-json\/wp\/v2\/types\/page"}],"author":[{"embeddable":true,"href":"https:\/\/cedhchihuahua.org.mx\/wp\/wp-json\/wp\/v2\/users\/2"}],"replies":[{"embeddable":true,"href":"https:\/\/cedhchihuahua.org.mx\/wp\/wp-json\/wp\/v2\/comments?post=7696"}],"version-history":[{"count":42,"href":"https:\/\/cedhchihuahua.org.mx\/wp\/wp-json\/wp\/v2\/pages\/7696\/revisions"}],"predecessor-version":[{"id":25688,"href":"https:\/\/cedhchihuahua.org.mx\/wp\/wp-json\/wp\/v2\/pages\/7696\/revisions\/25688"}],"wp:featuredmedia":[{"embeddable":true,"href":"https:\/\/cedhchihuahua.org.mx\/wp\/wp-json\/wp\/v2\/media\/7693"}],"wp:attachment":[{"href":"https:\/\/cedhchihuahua.org.mx\/wp\/wp-json\/wp\/v2\/media?parent=7696"}],"curies":[{"name":"wp","href":"https:\/\/api.w.org\/{rel}","templated":true}]}}